{"id":30,"date":"2022-03-17T14:06:08","date_gmt":"2022-03-17T14:06:08","guid":{"rendered":"https:\/\/magilux.lu\/?page_id=30"},"modified":"2025-07-18T12:01:53","modified_gmt":"2025-07-18T12:01:53","slug":"historique","status":"publish","type":"page","link":"https:\/\/magilux.lu\/?page_id=30","title":{"rendered":"Historique"},"content":{"rendered":"\n<p>S\u2019enrichissant de l\u2019exp\u00e9rience en \u00e9b\u00e9nisterie et en menuiserie de la soci\u00e9t\u00e9 m\u00e8re Feiereisen (cr\u00e9\u00e9e en 1948), <strong>Magilux<\/strong> a tr\u00e8s vite acqu\u00eet un savoir faire sp\u00e9cifique, lui permettant de se d\u00e9marquer de ses confr\u00e8res. Ainsi, chaque meuble, con\u00e7u et fabriqu\u00e9 dans les r\u00e8gles de l\u2019art, n\u2019est pas produit en s\u00e9rie mais reste une pi\u00e8ce unique\u00a0: votre meuble  sur mesure.<br><br><strong>Magilux<\/strong> est capable de relever tous les d\u00e9fis, qu\u2019ils soient techniques, thermiques ou acoustiques, d\u2019optimiser au mieux votre espace d\u2019am\u00e9nagement et de r\u00e9pondre \u00e0 tous vos d\u00e9sirs les plus ambitieux. Laissez nous vous conseiller.<\/p>\n","protected":false},"excerpt":{"rendered":"<p>S\u2019enrichissant de l\u2019exp\u00e9rience en \u00e9b\u00e9nisterie et en menuiserie de la soci\u00e9t\u00e9 m\u00e8re Feiereisen (cr\u00e9\u00e9e en 1948), Magilux a tr\u00e8s vite acqu\u00eet un savoir faire sp\u00e9cifique, lui permettant de se d\u00e9marquer de ses confr\u00e8res. Ainsi, chaque meuble, con\u00e7u et fabriqu\u00e9 dans les r\u00e8gles de l\u2019art, n\u2019est pas produit en s\u00e9rie mais reste une pi\u00e8ce unique\u00a0: votre &hellip; <\/p>\n<p class=\"link-more\"><a href=\"https:\/\/magilux.lu\/?page_id=30\" class=\"more-link\"><span class=\"screen-reader-text\">\u201eHistorique\u201c<\/span> weiterlesen<\/a><\/p>\n","protected":false},"author":2,"featured_media":54,"parent":0,"menu_order":0,"comment_status":"closed","ping_status":"closed","template":"","meta":{"footnotes":""},"class_list":["post-30","page","type-page","status-publish","has-post-thumbnail","hentry"],"jetpack_sharing_enabled":true,"_links":{"self":[{"href":"https:\/\/magilux.lu\/index.php?rest_route=\/wp\/v2\/pages\/30","targetHints":{"allow":["GET"]}}],"collection":[{"href":"https:\/\/magilux.lu\/index.php?rest_route=\/wp\/v2\/pages"}],"about":[{"href":"https:\/\/magilux.lu\/index.php?rest_route=\/wp\/v2\/types\/page"}],"author":[{"embeddable":true,"href":"https:\/\/magilux.lu\/index.php?rest_route=\/wp\/v2\/users\/2"}],"replies":[{"embeddable":true,"href":"https:\/\/magilux.lu\/index.php?rest_route=%2Fwp%2Fv2%2Fcomments&post=30"}],"version-history":[{"count":5,"href":"https:\/\/magilux.lu\/index.php?rest_route=\/wp\/v2\/pages\/30\/revisions"}],"predecessor-version":[{"id":249,"href":"https:\/\/magilux.lu\/index.php?rest_route=\/wp\/v2\/pages\/30\/revisions\/249"}],"wp:featuredmedia":[{"embeddable":true,"href":"https:\/\/magilux.lu\/index.php?rest_route=\/wp\/v2\/media\/54"}],"wp:attachment":[{"href":"https:\/\/magilux.lu\/index.php?rest_route=%2Fwp%2Fv2%2Fmedia&parent=30"}],"curies":[{"name":"wp","href":"https:\/\/api.w.org\/{rel}","templated":true}]}}