{"id":205,"date":"2025-04-09T14:40:15","date_gmt":"2025-04-09T14:40:15","guid":{"rendered":"https:\/\/magilux.lu\/?page_id=205"},"modified":"2025-07-17T20:42:15","modified_gmt":"2025-07-17T20:42:15","slug":"notre-atelier","status":"publish","type":"page","link":"https:\/\/magilux.lu\/?page_id=205","title":{"rendered":"Notre Atelier"},"content":{"rendered":"<p style=\"font-weight: 400;\">Tous nos meubles sont fabriqu\u00e9s par notre \u00e9quipe d\u00e9di\u00e9e dans notre atelier \u00e0 Strassen au Luxembourg.<\/p>\n<p style=\"font-weight: 400;\">Contactez-nous pour une visite.<\/p>\n\n\n<figure class=\"wp-block-image alignwide size-large\"><img loading=\"lazy\" decoding=\"async\" width=\"1024\" height=\"683\" src=\"https:\/\/magilux.lu\/wp-content\/uploads\/2025\/07\/LF_20250405_0198-Edit-1024x683.jpg\" alt=\"\" class=\"wp-image-236\" srcset=\"https:\/\/magilux.lu\/wp-content\/uploads\/2025\/07\/LF_20250405_0198-Edit-1024x683.jpg 1024w, https:\/\/magilux.lu\/wp-content\/uploads\/2025\/07\/LF_20250405_0198-Edit-300x200.jpg 300w, https:\/\/magilux.lu\/wp-content\/uploads\/2025\/07\/LF_20250405_0198-Edit-768x512.jpg 768w, https:\/\/magilux.lu\/wp-content\/uploads\/2025\/07\/LF_20250405_0198-Edit-1536x1024.jpg 1536w, https:\/\/magilux.lu\/wp-content\/uploads\/2025\/07\/LF_20250405_0198-Edit-2048x1365.jpg 2048w\" sizes=\"auto, (max-width: 767px) 89vw, (max-width: 1000px) 54vw, (max-width: 1071px) 543px, 580px\" \/><\/figure>\n\n\n\n<figure class=\"wp-block-pullquote\"><blockquote><p><\/p><cite>MADE IN LUXEMBOURG<\/cite><\/blockquote><\/figure>\n\n\n\n<div class=\"wp-block-columns alignwide are-vertically-aligned-top is-layout-flex wp-container-core-columns-is-layout-bd0aba32 wp-block-columns-is-layout-flex\">\n<div class=\"wp-block-column is-vertically-aligned-top is-layout-flow wp-block-column-is-layout-flow\">\n<div class=\"wp-block-group wp-container-content-231d8afb is-vertical is-content-justification-left is-nowrap is-layout-flex wp-container-core-group-is-layout-ee1c9ac2 wp-block-group-is-layout-flex\" style=\"margin-top:0;margin-bottom:0\">\n<figure class=\"wp-block-image size-large wp-container-content-0733e5d0\"><img loading=\"lazy\" decoding=\"async\" width=\"683\" height=\"1024\" src=\"https:\/\/magilux.lu\/wp-content\/uploads\/2025\/07\/LF_20250405_0569-683x1024.jpg\" alt=\"\" class=\"wp-image-239\" srcset=\"https:\/\/magilux.lu\/wp-content\/uploads\/2025\/07\/LF_20250405_0569-683x1024.jpg 683w, https:\/\/magilux.lu\/wp-content\/uploads\/2025\/07\/LF_20250405_0569-200x300.jpg 200w, https:\/\/magilux.lu\/wp-content\/uploads\/2025\/07\/LF_20250405_0569-768x1152.jpg 768w, https:\/\/magilux.lu\/wp-content\/uploads\/2025\/07\/LF_20250405_0569-1024x1536.jpg 1024w, https:\/\/magilux.lu\/wp-content\/uploads\/2025\/07\/LF_20250405_0569-1365x2048.jpg 1365w, https:\/\/magilux.lu\/wp-content\/uploads\/2025\/07\/LF_20250405_0569-scaled.jpg 1707w\" sizes=\"auto, (max-width: 683px) 100vw, 683px\" \/><\/figure>\n\n\n\n<div class=\"wp-block-group is-vertical is-nowrap is-layout-flex wp-container-core-group-is-layout-ebc71d8e wp-block-group-is-layout-flex\">\n<p class=\"has-medium-font-size\"><\/p>\n<\/div>\n<\/div>\n<\/div>\n\n\n\n<div class=\"wp-block-column is-vertically-aligned-top is-layout-flow wp-block-column-is-layout-flow\">\n<div class=\"wp-block-group wp-container-content-231d8afb is-vertical is-layout-flex wp-container-core-group-is-layout-692d0fb7 wp-block-group-is-layout-flex\" style=\"margin-top:0;margin-bottom:0\">\n<div class=\"wp-block-group is-vertical is-nowrap is-layout-flex wp-container-core-group-is-layout-ebc71d8e wp-block-group-is-layout-flex\">\n<div style=\"height:0px\" aria-hidden=\"true\" class=\"wp-block-spacer wp-container-content-f96796aa\"><\/div>\n\n\n\n<p class=\"has-medium-font-size\"><strong>Artisanat &amp; Savoir-Faire<\/strong><\/p>\n\n\n\n<p class=\"has-small-font-size\"><\/p>\n<\/div>\n\n\n\n<figure class=\"wp-block-image size-large\" style=\"font-size:14px\"><img loading=\"lazy\" decoding=\"async\" width=\"683\" height=\"1024\" src=\"https:\/\/magilux.lu\/wp-content\/uploads\/2025\/07\/LF_20250405_0016-Edit-2-683x1024.jpg\" alt=\"\" class=\"wp-image-240\" srcset=\"https:\/\/magilux.lu\/wp-content\/uploads\/2025\/07\/LF_20250405_0016-Edit-2-683x1024.jpg 683w, https:\/\/magilux.lu\/wp-content\/uploads\/2025\/07\/LF_20250405_0016-Edit-2-200x300.jpg 200w, https:\/\/magilux.lu\/wp-content\/uploads\/2025\/07\/LF_20250405_0016-Edit-2-768x1152.jpg 768w, https:\/\/magilux.lu\/wp-content\/uploads\/2025\/07\/LF_20250405_0016-Edit-2-1024x1536.jpg 1024w, https:\/\/magilux.lu\/wp-content\/uploads\/2025\/07\/LF_20250405_0016-Edit-2-1365x2048.jpg 1365w, https:\/\/magilux.lu\/wp-content\/uploads\/2025\/07\/LF_20250405_0016-Edit-2-scaled.jpg 1707w\" sizes=\"auto, (max-width: 683px) 100vw, 683px\" \/><\/figure>\n<\/div>\n<\/div>\n<\/div>\n\n\n\n<p><\/p>\n","protected":false},"excerpt":{"rendered":"<p>Tous nos meubles sont fabriqu\u00e9s par notre \u00e9quipe d\u00e9di\u00e9e dans notre atelier \u00e0 Strassen au Luxembourg. Contactez-nous pour une visite. MADE IN LUXEMBOURG Artisanat &amp; Savoir-Faire<\/p>\n","protected":false},"author":2,"featured_media":0,"parent":0,"menu_order":0,"comment_status":"closed","ping_status":"closed","template":"","meta":{"footnotes":""},"class_list":["post-205","page","type-page","status-publish","hentry"],"jetpack_sharing_enabled":true,"_links":{"self":[{"href":"https:\/\/magilux.lu\/index.php?rest_route=\/wp\/v2\/pages\/205","targetHints":{"allow":["GET"]}}],"collection":[{"href":"https:\/\/magilux.lu\/index.php?rest_route=\/wp\/v2\/pages"}],"about":[{"href":"https:\/\/magilux.lu\/index.php?rest_route=\/wp\/v2\/types\/page"}],"author":[{"embeddable":true,"href":"https:\/\/magilux.lu\/index.php?rest_route=\/wp\/v2\/users\/2"}],"replies":[{"embeddable":true,"href":"https:\/\/magilux.lu\/index.php?rest_route=%2Fwp%2Fv2%2Fcomments&post=205"}],"version-history":[{"count":9,"href":"https:\/\/magilux.lu\/index.php?rest_route=\/wp\/v2\/pages\/205\/revisions"}],"predecessor-version":[{"id":235,"href":"https:\/\/magilux.lu\/index.php?rest_route=\/wp\/v2\/pages\/205\/revisions\/235"}],"wp:attachment":[{"href":"https:\/\/magilux.lu\/index.php?rest_route=%2Fwp%2Fv2%2Fmedia&parent=205"}],"curies":[{"name":"wp","href":"https:\/\/api.w.org\/{rel}","templated":true}]}}