{"id":147,"date":"2022-04-28T12:16:53","date_gmt":"2022-04-28T12:16:53","guid":{"rendered":"https:\/\/magilux.lu\/?page_id=147"},"modified":"2022-08-22T13:32:16","modified_gmt":"2022-08-22T13:32:16","slug":"a-vendre","status":"publish","type":"page","link":"https:\/\/magilux.lu\/?page_id=147","title":{"rendered":"A vendre"},"content":{"rendered":"\n<figure class=\"wp-block-gallery has-nested-images columns-default is-cropped wp-block-gallery-1 is-layout-flex wp-block-gallery-is-layout-flex\">\n<figure class=\"wp-block-image size-large\"><img loading=\"lazy\" decoding=\"async\" width=\"768\" height=\"1024\" data-id=\"153\" src=\"https:\/\/magilux.lu\/wp-content\/uploads\/2022\/04\/20220428_125501-768x1024.jpg\" alt=\"\" class=\"wp-image-153\" srcset=\"https:\/\/magilux.lu\/wp-content\/uploads\/2022\/04\/20220428_125501-768x1024.jpg 768w, https:\/\/magilux.lu\/wp-content\/uploads\/2022\/04\/20220428_125501-225x300.jpg 225w, https:\/\/magilux.lu\/wp-content\/uploads\/2022\/04\/20220428_125501-1152x1536.jpg 1152w, https:\/\/magilux.lu\/wp-content\/uploads\/2022\/04\/20220428_125501-1536x2048.jpg 1536w, https:\/\/magilux.lu\/wp-content\/uploads\/2022\/04\/20220428_125501-scaled.jpg 1920w\" sizes=\"auto, (max-width: 767px) 89vw, (max-width: 1000px) 54vw, (max-width: 1071px) 543px, 580px\" \/><\/figure>\n\n\n\n<figure class=\"wp-block-image size-large\"><img loading=\"lazy\" decoding=\"async\" width=\"768\" height=\"1024\" data-id=\"154\" src=\"https:\/\/magilux.lu\/wp-content\/uploads\/2022\/04\/20220428_125642-768x1024.jpg\" alt=\"\" class=\"wp-image-154\" srcset=\"https:\/\/magilux.lu\/wp-content\/uploads\/2022\/04\/20220428_125642-768x1024.jpg 768w, https:\/\/magilux.lu\/wp-content\/uploads\/2022\/04\/20220428_125642-225x300.jpg 225w, https:\/\/magilux.lu\/wp-content\/uploads\/2022\/04\/20220428_125642-1152x1536.jpg 1152w, https:\/\/magilux.lu\/wp-content\/uploads\/2022\/04\/20220428_125642-1536x2048.jpg 1536w, https:\/\/magilux.lu\/wp-content\/uploads\/2022\/04\/20220428_125642-scaled.jpg 1920w\" sizes=\"auto, (max-width: 767px) 89vw, (max-width: 1000px) 54vw, (max-width: 1071px) 543px, 580px\" \/><\/figure>\n<figcaption class=\"blocks-gallery-caption\">6 Fauteils chaises en ch\u00eane massif \u00e0 vendre Dimensions: L57,5 x H 80 x P 55 cm     350 \u20ac\/ pi\u00e8ce<\/figcaption><\/figure>\n\n\n\n<p><\/p>\n\n\n\n<figure class=\"wp-block-gallery has-nested-images columns-default is-cropped wp-block-gallery-2 is-layout-flex wp-block-gallery-is-layout-flex\">\n<figure class=\"wp-block-image size-large\"><img loading=\"lazy\" decoding=\"async\" width=\"768\" height=\"1024\" data-id=\"156\" src=\"https:\/\/magilux.lu\/wp-content\/uploads\/2022\/04\/20220428_125614-768x1024.jpg\" alt=\"\" class=\"wp-image-156\" srcset=\"https:\/\/magilux.lu\/wp-content\/uploads\/2022\/04\/20220428_125614-768x1024.jpg 768w, https:\/\/magilux.lu\/wp-content\/uploads\/2022\/04\/20220428_125614-225x300.jpg 225w, https:\/\/magilux.lu\/wp-content\/uploads\/2022\/04\/20220428_125614-1152x1536.jpg 1152w, https:\/\/magilux.lu\/wp-content\/uploads\/2022\/04\/20220428_125614-1536x2048.jpg 1536w, https:\/\/magilux.lu\/wp-content\/uploads\/2022\/04\/20220428_125614-scaled.jpg 1920w\" sizes=\"auto, (max-width: 767px) 89vw, (max-width: 1000px) 54vw, (max-width: 1071px) 543px, 580px\" \/><\/figure>\n\n\n\n<figure class=\"wp-block-image size-large\"><img loading=\"lazy\" decoding=\"async\" width=\"768\" height=\"1024\" data-id=\"155\" src=\"https:\/\/magilux.lu\/wp-content\/uploads\/2022\/04\/20220428_125625-768x1024.jpg\" alt=\"\" class=\"wp-image-155\" srcset=\"https:\/\/magilux.lu\/wp-content\/uploads\/2022\/04\/20220428_125625-768x1024.jpg 768w, https:\/\/magilux.lu\/wp-content\/uploads\/2022\/04\/20220428_125625-225x300.jpg 225w, https:\/\/magilux.lu\/wp-content\/uploads\/2022\/04\/20220428_125625-1152x1536.jpg 1152w, https:\/\/magilux.lu\/wp-content\/uploads\/2022\/04\/20220428_125625-1536x2048.jpg 1536w, https:\/\/magilux.lu\/wp-content\/uploads\/2022\/04\/20220428_125625-scaled.jpg 1920w\" sizes=\"auto, (max-width: 767px) 89vw, (max-width: 1000px) 54vw, (max-width: 1071px) 543px, 580px\" \/><\/figure>\n<figcaption class=\"blocks-gallery-caption\">6 Chaises en ch\u00eane massif \u00e0 vendre  Dimensions: L 46,5 x H 75 x P 53,5 cm       220 \u20ac\/ pi\u00e8ce<br><\/figcaption><\/figure>\n\n\n\n<figure class=\"wp-block-gallery has-nested-images columns-default is-cropped wp-block-gallery-3 is-layout-flex wp-block-gallery-is-layout-flex\">\n<figure class=\"wp-block-image size-large\"><img loading=\"lazy\" decoding=\"async\" width=\"768\" height=\"1024\" data-id=\"157\" src=\"https:\/\/magilux.lu\/wp-content\/uploads\/2022\/04\/20220428_125727-768x1024.jpg\" alt=\"\" class=\"wp-image-157\" srcset=\"https:\/\/magilux.lu\/wp-content\/uploads\/2022\/04\/20220428_125727-768x1024.jpg 768w, https:\/\/magilux.lu\/wp-content\/uploads\/2022\/04\/20220428_125727-225x300.jpg 225w, https:\/\/magilux.lu\/wp-content\/uploads\/2022\/04\/20220428_125727-1152x1536.jpg 1152w, https:\/\/magilux.lu\/wp-content\/uploads\/2022\/04\/20220428_125727-1536x2048.jpg 1536w, https:\/\/magilux.lu\/wp-content\/uploads\/2022\/04\/20220428_125727-scaled.jpg 1920w\" sizes=\"auto, (max-width: 767px) 89vw, (max-width: 1000px) 54vw, (max-width: 1071px) 543px, 580px\" \/><\/figure>\n\n\n\n<figure class=\"wp-block-image size-large\"><img loading=\"lazy\" decoding=\"async\" width=\"768\" height=\"1024\" data-id=\"158\" src=\"https:\/\/magilux.lu\/wp-content\/uploads\/2022\/04\/20220428_125741-768x1024.jpg\" alt=\"\" class=\"wp-image-158\" srcset=\"https:\/\/magilux.lu\/wp-content\/uploads\/2022\/04\/20220428_125741-768x1024.jpg 768w, https:\/\/magilux.lu\/wp-content\/uploads\/2022\/04\/20220428_125741-225x300.jpg 225w, https:\/\/magilux.lu\/wp-content\/uploads\/2022\/04\/20220428_125741-1152x1536.jpg 1152w, https:\/\/magilux.lu\/wp-content\/uploads\/2022\/04\/20220428_125741-1536x2048.jpg 1536w, https:\/\/magilux.lu\/wp-content\/uploads\/2022\/04\/20220428_125741-scaled.jpg 1920w\" sizes=\"auto, (max-width: 767px) 89vw, (max-width: 1000px) 54vw, (max-width: 1071px) 543px, 580px\" \/><\/figure>\n\n\n\n<figure class=\"wp-block-image size-large\"><img loading=\"lazy\" decoding=\"async\" width=\"768\" height=\"1024\" data-id=\"159\" src=\"https:\/\/magilux.lu\/wp-content\/uploads\/2022\/04\/20220428_125755-768x1024.jpg\" alt=\"\" class=\"wp-image-159\" srcset=\"https:\/\/magilux.lu\/wp-content\/uploads\/2022\/04\/20220428_125755-768x1024.jpg 768w, https:\/\/magilux.lu\/wp-content\/uploads\/2022\/04\/20220428_125755-225x300.jpg 225w, https:\/\/magilux.lu\/wp-content\/uploads\/2022\/04\/20220428_125755-1152x1536.jpg 1152w, https:\/\/magilux.lu\/wp-content\/uploads\/2022\/04\/20220428_125755-1536x2048.jpg 1536w, https:\/\/magilux.lu\/wp-content\/uploads\/2022\/04\/20220428_125755-scaled.jpg 1920w\" sizes=\"auto, (max-width: 767px) 89vw, (max-width: 1000px) 54vw, (max-width: 1071px) 543px, 580px\" \/><\/figure>\n<figcaption class=\"blocks-gallery-caption\">6Tables bistro carr\u00e9es avec pied central en m\u00e9tal noir , plaque en carrelage avec encadrement en ch\u00eane      massif vernis      Dimensions: 78 x 78 x 76 cm      340 \u20ac\/ pi\u00e8ce <\/figcaption><\/figure>\n\n\n\n<p><\/p>\n\n\n\n<p><\/p>\n\n\n\n<p><\/p>\n\n\n\n<p>Pour tout renseigements suppl\u00e9mentairs veuillez nous contacter par mail  <a href=\"mailto:info@magilux.lu\">info@magilux.lu<\/a> <\/p>\n","protected":false},"excerpt":{"rendered":"<p>Pour tout renseigements suppl\u00e9mentairs veuillez nous contacter par mail info@magilux.lu<\/p>\n","protected":false},"author":2,"featured_media":0,"parent":0,"menu_order":0,"comment_status":"closed","ping_status":"closed","template":"","meta":{"footnotes":""},"class_list":["post-147","page","type-page","status-publish","hentry"],"jetpack_sharing_enabled":true,"_links":{"self":[{"href":"https:\/\/magilux.lu\/index.php?rest_route=\/wp\/v2\/pages\/147","targetHints":{"allow":["GET"]}}],"collection":[{"href":"https:\/\/magilux.lu\/index.php?rest_route=\/wp\/v2\/pages"}],"about":[{"href":"https:\/\/magilux.lu\/index.php?rest_route=\/wp\/v2\/types\/page"}],"author":[{"embeddable":true,"href":"https:\/\/magilux.lu\/index.php?rest_route=\/wp\/v2\/users\/2"}],"replies":[{"embeddable":true,"href":"https:\/\/magilux.lu\/index.php?rest_route=%2Fwp%2Fv2%2Fcomments&post=147"}],"version-history":[{"count":3,"href":"https:\/\/magilux.lu\/index.php?rest_route=\/wp\/v2\/pages\/147\/revisions"}],"predecessor-version":[{"id":176,"href":"https:\/\/magilux.lu\/index.php?rest_route=\/wp\/v2\/pages\/147\/revisions\/176"}],"wp:attachment":[{"href":"https:\/\/magilux.lu\/index.php?rest_route=%2Fwp%2Fv2%2Fmedia&parent=147"}],"curies":[{"name":"wp","href":"https:\/\/api.w.org\/{rel}","templated":true}]}}