{"id":14,"date":"2022-03-17T14:06:06","date_gmt":"2022-03-17T14:06:06","guid":{"rendered":"https:\/\/magilux.lu\/?page_id=14"},"modified":"2025-04-09T19:38:06","modified_gmt":"2025-04-09T19:38:06","slug":"ueber-uns","status":"publish","type":"page","link":"https:\/\/magilux.lu\/?page_id=14","title":{"rendered":"Service"},"content":{"rendered":"\n<figure class=\"wp-block-table\"><table><tbody><tr><td><\/td><td>LES ATOUTS MAGILUX<\/td><\/tr><\/tbody><\/table><\/figure>\n\n\n\n<p>Tous vos meubles sont con\u00e7us et r\u00e9alis\u00e9s dans notre atelier de menuiserie \u00e0 Strassen, avant d\u2019\u00eatre livr\u00e9s et assembl\u00e9s chez vous. La pose de votre meuble avec finitions de qualit\u00e9, pour une parfaite int\u00e9gration dans votre habitation. Aucune perforation de vos sols et murs n\u2019est n\u00e9cessaire pour poser votre placard. La solidit\u00e9 et la rigidit\u00e9 de votre mobilier gr\u00e2ce \u00e0 une technique propre \u00e0 Magilux. Possibilit\u00e9 de visiter les ateliers lors de l&#8217;usinage de votre meuble.<\/p>\n\n\n\n<p>SPECIALISTE DE A &#8211; Z<\/p>\n\n\n\n<p><strong>Magilux<\/strong>, sp\u00e9cialiste incontest\u00e9 de votre am\u00e9nagement sur mesure depuis 26 ans, ma\u00eetrise&nbsp;la conception et la fabrication de&nbsp;:<br>&gt; placards droits<br>&gt; placards en sous pente<br>&gt; lits<br>&gt; cloisons coulissantes<br>&gt; salles de bain<br>&gt; bureaux<br>&gt; biblioth\u00e8ques<br>&gt; mobiliers contemporains<\/p>\n\n\n\n<p>CONSEIL<\/p>\n\n\n\n<p>Bien conseiller nos clients reste l&#8217;une de nos premi\u00e8res priorit\u00e9s. Pour cela, nous prenons le temps de nous d\u00e9placer chez vous, afin d&#8217;adapter au mieux vos id\u00e9es \u00e0 votre budget. Vos meubles seront ainsi con\u00e7us pour s&#8217;int\u00e9grer parfaitement dans votre environnement.<\/p>\n\n\n\n<p>Nous parlons luxembourgeois, allemand, fran\u00e7ais, anglais et portugais.<\/p>\n\n\n\n<p><\/p>\n\n\n\n<p>CONCEPTION<\/p>\n\n\n\n<p>Nous concevons ensemble les plans de vos future projets de mani\u00e8re \u00e0 r\u00e9pondre enti\u00e8rement \u00e0 vos id\u00e9es et besoins.<\/p>\n\n\n\n<p>SYNERGIE DE CORPS DE METIERS<\/p>\n\n\n\n<p>Vous souhaiter d\u00e9placer le raccordement sanitaire ou bien ajouter des prises \u00e9lectriques suppl\u00e9mentaires lors de votre am\u00e9nagement int\u00e9rieur ? Magilux pourra vous conseiller des corps de m\u00e9tiers comp\u00e9tents.<\/p>\n\n\n\n<p>DEVIS SANS ENGAGEMENT<\/p>\n\n\n\n<p>Prenez le temps de r\u00e9fl\u00e9chir en toute libert\u00e9 quant \u00e0 la r\u00e9alisation de vos futurs projets. Nos devis sont gratuits et sans engagement de votre part.<\/p>\n\n\n\n<p>POSE \u00c0 VOTRE DOMICILE<\/p>\n\n\n\n<p>Nos \u00e9quipes se chargent du transport et du montage \u00e0 votre domicile. <\/p>\n\n\n\n<p>SANS MONTAGE &#8211; R\u00c9DUCTION \u00c0 35%<\/p>\n\n\n\n<p>Montage par vos soins avec un syst\u00e8me simple et rapide.<\/p>\n\n\n\n<p>COURT D\u00c9LAI<\/p>\n\n\n\n<p>Nous pouvons r\u00e9aliser vos projets dans un court d\u00e9lai comme nous fabriquons tous vos meubles dans notre propre atelier \u00e0 Strassen au Luxembourg. La fabrication par notre \u00e9quipe passionn\u00e9e permet de r\u00e9agir rapidement \u00e0 vos demandes.<\/p>\n\n\n\n<p>En cas d&#8217;urgence, nous pouvons traiter vos demandes de r\u00e9alisation de placards, dressings et kitchenette promptement. Appelez-nous ou passez chez nous pour demander les d\u00e9lais du moment. <\/p>\n\n\n\n<figure class=\"wp-block-table\"><table><tbody><tr><td><br><\/td><td>SERVICE APR\u00c8S VENTE<\/td><\/tr><\/tbody><\/table><\/figure>\n\n\n\n<p>L&#8217;engagement Magilux ne s&#8217;arr\u00eate pas \u00e0 la livraison de votre meuble sur mesure. Si vous aviez la moindre remarque, appelez nous.<\/p>\n\n\n\n<p><\/p>\n\n\n\n<p><\/p>\n","protected":false},"excerpt":{"rendered":"<p>LES ATOUTS MAGILUX Tous vos meubles sont con\u00e7us et r\u00e9alis\u00e9s dans notre atelier de menuiserie \u00e0 Strassen, avant d\u2019\u00eatre livr\u00e9s et assembl\u00e9s chez vous. La pose de votre meuble avec finitions de qualit\u00e9, pour une parfaite int\u00e9gration dans votre habitation. Aucune perforation de vos sols et murs n\u2019est n\u00e9cessaire pour poser votre placard. La solidit\u00e9 &hellip; <\/p>\n<p class=\"link-more\"><a href=\"https:\/\/magilux.lu\/?page_id=14\" class=\"more-link\"><span class=\"screen-reader-text\">\u201eService\u201c<\/span> weiterlesen<\/a><\/p>\n","protected":false},"author":2,"featured_media":201,"parent":0,"menu_order":0,"comment_status":"closed","ping_status":"closed","template":"","meta":{"footnotes":""},"class_list":["post-14","page","type-page","status-publish","has-post-thumbnail","hentry"],"jetpack_sharing_enabled":true,"_links":{"self":[{"href":"https:\/\/magilux.lu\/index.php?rest_route=\/wp\/v2\/pages\/14","targetHints":{"allow":["GET"]}}],"collection":[{"href":"https:\/\/magilux.lu\/index.php?rest_route=\/wp\/v2\/pages"}],"about":[{"href":"https:\/\/magilux.lu\/index.php?rest_route=\/wp\/v2\/types\/page"}],"author":[{"embeddable":true,"href":"https:\/\/magilux.lu\/index.php?rest_route=\/wp\/v2\/users\/2"}],"replies":[{"embeddable":true,"href":"https:\/\/magilux.lu\/index.php?rest_route=%2Fwp%2Fv2%2Fcomments&post=14"}],"version-history":[{"count":15,"href":"https:\/\/magilux.lu\/index.php?rest_route=\/wp\/v2\/pages\/14\/revisions"}],"predecessor-version":[{"id":185,"href":"https:\/\/magilux.lu\/index.php?rest_route=\/wp\/v2\/pages\/14\/revisions\/185"}],"wp:featuredmedia":[{"embeddable":true,"href":"https:\/\/magilux.lu\/index.php?rest_route=\/wp\/v2\/media\/201"}],"wp:attachment":[{"href":"https:\/\/magilux.lu\/index.php?rest_route=%2Fwp%2Fv2%2Fmedia&parent=14"}],"curies":[{"name":"wp","href":"https:\/\/api.w.org\/{rel}","templated":true}]}}